{"id":51,"date":"2018-05-24T11:19:52","date_gmt":"2018-05-24T11:19:52","guid":{"rendered":"http:\/\/demo.athemes.com\/sydney-temp\/?page_id=4"},"modified":"2025-11-05T11:50:13","modified_gmt":"2025-11-05T10:50:13","slug":"samlarbilar-entusiastfordon","status":"publish","type":"page","link":"https:\/\/tomax.se\/en\/","title":{"rendered":"HOME"},"content":{"rendered":"<div data-elementor-type=\"wp-post\" data-elementor-id=\"51\" class=\"elementor elementor-51\" data-elementor-post-type=\"page\">\n\t\t\t\t\t\t<section class=\"elementor-section elementor-top-section elementor-element elementor-element-43227a62 elementor-section-height-min-height elementor-section-content-middle elementor-section-boxed elementor-section-height-default elementor-section-items-middle\" data-id=\"43227a62\" data-element_type=\"section\" data-e-type=\"section\" data-settings=\"{&quot;background_background&quot;:&quot;video&quot;,&quot;background_video_link&quot;:&quot;https:\\\/\\\/tomax.se\\\/wp-content\\\/uploads\\\/2025\\\/11\\\/tomax.intro_.2025.mp4&quot;,&quot;background_play_on_mobile&quot;:&quot;yes&quot;}\">\n\t\t\t\t\t\t\t\t<div class=\"elementor-background-video-container\">\n\t\t\t\t\t\t\t\t\t\t\t\t\t<video class=\"elementor-background-video-hosted\" role=\"presentation\" autoplay muted playsinline loop><\/video>\n\t\t\t\t\t\t\t\t\t\t\t<\/div>\n\t\t\t\t\t\t\t\t\t<div class=\"elementor-background-overlay\"><\/div>\n\t\t\t\t\t\t\t<div class=\"elementor-container elementor-column-gap-no\">\n\t\t\t\t\t<div class=\"elementor-column elementor-col-100 elementor-top-column elementor-element elementor-element-b77e99d\" data-id=\"b77e99d\" data-element_type=\"column\" data-e-type=\"column\">\n\t\t\t<div class=\"elementor-widget-wrap elementor-element-populated\">\n\t\t\t\t\t\t<div class=\"elementor-element elementor-element-4e3c5ac elementor-hidden-desktop elementor-align-center elementor-widget elementor-widget-lottie\" data-id=\"4e3c5ac\" data-element_type=\"widget\" data-e-type=\"widget\" data-settings=\"{&quot;source_json&quot;:{&quot;url&quot;:&quot;https:\\\/\\\/tomax.se\\\/wp-content\\\/uploads\\\/2021\\\/02\\\/uk.json&quot;,&quot;id&quot;:2854,&quot;size&quot;:&quot;&quot;},&quot;caption&quot;:&quot;ENG&quot;,&quot;link_to&quot;:&quot;custom&quot;,&quot;custom_link&quot;:{&quot;url&quot;:&quot;https:\\\/\\\/tomax.se\\\/en\\\/&quot;,&quot;is_external&quot;:&quot;&quot;,&quot;nofollow&quot;:&quot;&quot;,&quot;custom_attributes&quot;:&quot;&quot;},&quot;play_speed&quot;:{&quot;unit&quot;:&quot;px&quot;,&quot;size&quot;:0.7,&quot;sizes&quot;:[]},&quot;lazyload&quot;:&quot;yes&quot;,&quot;caption_source&quot;:&quot;custom&quot;,&quot;source&quot;:&quot;media_file&quot;,&quot;trigger&quot;:&quot;arriving_to_viewport&quot;,&quot;viewport&quot;:{&quot;unit&quot;:&quot;%&quot;,&quot;size&quot;:&quot;&quot;,&quot;sizes&quot;:{&quot;start&quot;:0,&quot;end&quot;:100}},&quot;start_point&quot;:{&quot;unit&quot;:&quot;%&quot;,&quot;size&quot;:0,&quot;sizes&quot;:[]},&quot;end_point&quot;:{&quot;unit&quot;:&quot;%&quot;,&quot;size&quot;:100,&quot;sizes&quot;:[]},&quot;renderer&quot;:&quot;svg&quot;}\" data-widget_type=\"lottie.default\">\n\t\t\t\t<div class=\"elementor-widget-container\">\n\t\t\t\t\t<a class=\"e-lottie__container__link\" href=\"https:\/\/tomax.se\/en\/\"><div class=\"e-lottie__container\"><div class=\"e-lottie__animation\"><\/div><p class=\"e-lottie__caption\"> ENG<\/p><\/div><\/a>\t\t\t\t<\/div>\n\t\t\t\t<\/div>\n\t\t\t\t<div class=\"elementor-element elementor-element-282d62ed elementor-invisible elementor-widget elementor-widget-heading\" data-id=\"282d62ed\" data-element_type=\"widget\" data-e-type=\"widget\" data-settings=\"{&quot;_animation&quot;:&quot;slideInDown&quot;}\" data-widget_type=\"heading.default\">\n\t\t\t\t<div class=\"elementor-widget-container\">\n\t\t\t\t\t<h1 class=\"elementor-heading-title elementor-size-default\">We are a small family company with great passion for nice historic vehicles.\nWe have worked with cars since 1978, and with more than 40 years in the business we have accumulated invaluable knowledge and familiarity with new and old cars. Read more about our history <a href=\"https:\/\/tomax.se\/en\/historia\/\">.<\/a>.<\/h1>\t\t\t\t<\/div>\n\t\t\t\t<\/div>\n\t\t\t\t<div class=\"elementor-element elementor-element-3a05fe4 elementor-hidden-mobile elementor-invisible elementor-widget elementor-widget-text-editor\" data-id=\"3a05fe4\" data-element_type=\"widget\" data-e-type=\"widget\" data-settings=\"{&quot;_animation&quot;:&quot;slideInUp&quot;}\" data-widget_type=\"text-editor.default\">\n\t\t\t\t<div class=\"elementor-widget-container\">\n\t\t\t\t\t\t\t\t\t<p>Today we work almost exclusively with <strong>Collector Cars, Sports Cars<\/strong> and <strong>Enthusiast vehicles.<\/strong> We sell cars all over the world and can help you to provide transport to all corners of the earth. Are you interested in selling your collector car to us? Do not hesitate to contact us. <a href=\"https:\/\/tomax.se\/en\/dinbil\/\">.<\/a> .<\/p>\t\t\t\t\t\t\t\t<\/div>\n\t\t\t\t<\/div>\n\t\t\t\t<section class=\"elementor-section elementor-inner-section elementor-element elementor-element-3c2a130 elementor-section-boxed elementor-section-height-default elementor-section-height-default elementor-invisible\" data-id=\"3c2a130\" data-element_type=\"section\" data-e-type=\"section\" data-settings=\"{&quot;animation&quot;:&quot;slideInDown&quot;}\">\n\t\t\t\t\t\t<div class=\"elementor-container elementor-column-gap-default\">\n\t\t\t\t\t<div class=\"elementor-column elementor-col-50 elementor-inner-column elementor-element elementor-element-541a89f\" data-id=\"541a89f\" data-element_type=\"column\" data-e-type=\"column\">\n\t\t\t<div class=\"elementor-widget-wrap elementor-element-populated\">\n\t\t\t\t\t\t<div class=\"elementor-element elementor-element-6b84a00 elementor-align-center elementor-widget elementor-widget-button\" data-id=\"6b84a00\" data-element_type=\"widget\" data-e-type=\"widget\" data-widget_type=\"button.default\">\n\t\t\t\t<div class=\"elementor-widget-container\">\n\t\t\t\t\t\t\t\t\t<div class=\"elementor-button-wrapper\">\n\t\t\t\t\t<a class=\"elementor-button elementor-button-link elementor-size-sm elementor-animation-grow\" href=\"https:\/\/tomax.se\/en\/bilsamling\/\">\n\t\t\t\t\t\t<span class=\"elementor-button-content-wrapper\">\n\t\t\t\t\t\t\t\t\t<span class=\"elementor-button-text\"> CAR COLLECTION<\/span>\n\t\t\t\t\t<\/span>\n\t\t\t\t\t<\/a>\n\t\t\t\t<\/div>\n\t\t\t\t\t\t\t\t<\/div>\n\t\t\t\t<\/div>\n\t\t\t\t\t<\/div>\n\t\t<\/div>\n\t\t\t\t<div class=\"elementor-column elementor-col-50 elementor-inner-column elementor-element elementor-element-8a79816\" data-id=\"8a79816\" data-element_type=\"column\" data-e-type=\"column\">\n\t\t\t<div class=\"elementor-widget-wrap elementor-element-populated\">\n\t\t\t\t\t\t<div class=\"elementor-element elementor-element-e4aa740 elementor-align-center elementor-widget elementor-widget-button\" data-id=\"e4aa740\" data-element_type=\"widget\" data-e-type=\"widget\" data-widget_type=\"button.default\">\n\t\t\t\t<div class=\"elementor-widget-container\">\n\t\t\t\t\t\t\t\t\t<div class=\"elementor-button-wrapper\">\n\t\t\t\t\t<a class=\"elementor-button elementor-button-link elementor-size-sm elementor-animation-grow\" href=\"https:\/\/tomax.se\/en\/dinbil\/\">\n\t\t\t\t\t\t<span class=\"elementor-button-content-wrapper\">\n\t\t\t\t\t\t\t\t\t<span class=\"elementor-button-text\">BILAR S\u00d6KES<\/span>\n\t\t\t\t\t<\/span>\n\t\t\t\t\t<\/a>\n\t\t\t\t<\/div>\n\t\t\t\t\t\t\t\t<\/div>\n\t\t\t\t<\/div>\n\t\t\t\t\t<\/div>\n\t\t<\/div>\n\t\t\t\t\t<\/div>\n\t\t<\/section>\n\t\t\t\t\t<\/div>\n\t\t<\/div>\n\t\t\t\t\t<\/div>\n\t\t<\/section>\n\t\t\t\t<\/div>","protected":false},"excerpt":{"rendered":"<p>ENG Vi \u00e4r ett litet familjef\u00f6retag med stor passion f\u00f6r fina historiska bilar. Sedan 1978 har vi jobbat med motorfordon och har under v\u00e5ra dryga 40 \u00e5r samlat p\u00e5 oss ov\u00e4rderlig kunskap om nya och gamla fordon. L\u00e4s mer om v\u00e5r historia h\u00e4r. Idag jobbar vi uteslutande med Samlarbilar, Sportbilar och Entusiastfordon. Vi s\u00e4ljer bilar [&hellip;]<\/p>\n","protected":false},"author":1,"featured_media":0,"parent":0,"menu_order":1,"comment_status":"closed","ping_status":"closed","template":"elementor_header_footer","meta":{"footnotes":""},"class_list":["post-51","page","type-page","status-publish","hentry"],"yoast_head":"<!-- This site is optimized with the Yoast SEO plugin v27.5 - https:\/\/yoast.com\/product\/yoast-seo-wordpress\/ -->\n<title>tomax Samlarbilar - Samlarbilar och Entusiastfordon sedan 1978<\/title>\n<meta name=\"description\" content=\"Samlarbilar och Entusiastfordon sedan 1978. Tomax Samlarbilar. Ring oss p\u00e5 08 35 19 20 eller mejla p\u00e5 info@tomax.se\" \/>\n<meta name=\"robots\" content=\"index, follow, max-snippet:-1, max-image-preview:large, max-video-preview:-1\" \/>\n<link rel=\"canonical\" href=\"https:\/\/tomax.se\/en\/\" \/>\n<script type=\"application\/ld+json\" class=\"yoast-schema-graph\">{\"@context\":\"https:\\\/\\\/schema.org\",\"@graph\":[{\"@type\":\"WebPage\",\"@id\":\"https:\\\/\\\/tomax.se\\\/\",\"url\":\"https:\\\/\\\/tomax.se\\\/\",\"name\":\"tomax Samlarbilar - Samlarbilar och Entusiastfordon sedan 1978\",\"isPartOf\":{\"@id\":\"https:\\\/\\\/tomax.se\\\/#website\"},\"datePublished\":\"2018-05-24T11:19:52+00:00\",\"dateModified\":\"2025-11-05T10:50:13+00:00\",\"description\":\"Samlarbilar och Entusiastfordon sedan 1978. Tomax Samlarbilar. Ring oss p\u00e5 08 35 19 20 eller mejla p\u00e5 info@tomax.se\",\"breadcrumb\":{\"@id\":\"https:\\\/\\\/tomax.se\\\/#breadcrumb\"},\"inLanguage\":\"en-GB\",\"potentialAction\":[{\"@type\":\"ReadAction\",\"target\":[\"https:\\\/\\\/tomax.se\\\/\"]}]},{\"@type\":\"BreadcrumbList\",\"@id\":\"https:\\\/\\\/tomax.se\\\/#breadcrumb\",\"itemListElement\":[{\"@type\":\"ListItem\",\"position\":1,\"name\":\"Hem\",\"item\":\"https:\\\/\\\/tomax.se\\\/\"},{\"@type\":\"ListItem\",\"position\":2,\"name\":\"HEM\"}]},{\"@type\":\"WebSite\",\"@id\":\"https:\\\/\\\/tomax.se\\\/#website\",\"url\":\"https:\\\/\\\/tomax.se\\\/\",\"name\":\"tomax Samlarbilar\",\"description\":\"Samlarbilar och Entusiastfordon sedan 1978\",\"publisher\":{\"@id\":\"https:\\\/\\\/tomax.se\\\/#organization\"},\"potentialAction\":[{\"@type\":\"SearchAction\",\"target\":{\"@type\":\"EntryPoint\",\"urlTemplate\":\"https:\\\/\\\/tomax.se\\\/?s={search_term_string}\"},\"query-input\":{\"@type\":\"PropertyValueSpecification\",\"valueRequired\":true,\"valueName\":\"search_term_string\"}}],\"inLanguage\":\"en-GB\"},{\"@type\":\"Organization\",\"@id\":\"https:\\\/\\\/tomax.se\\\/#organization\",\"name\":\"tomax Samlarbilar\",\"url\":\"https:\\\/\\\/tomax.se\\\/\",\"logo\":{\"@type\":\"ImageObject\",\"inLanguage\":\"en-GB\",\"@id\":\"https:\\\/\\\/tomax.se\\\/#\\\/schema\\\/logo\\\/image\\\/\",\"url\":\"https:\\\/\\\/tomax.se\\\/wp-content\\\/uploads\\\/2022\\\/05\\\/cropped-Pink-and-Brown-Noah-Photography-4.png\",\"contentUrl\":\"https:\\\/\\\/tomax.se\\\/wp-content\\\/uploads\\\/2022\\\/05\\\/cropped-Pink-and-Brown-Noah-Photography-4.png\",\"width\":912,\"height\":905,\"caption\":\"tomax Samlarbilar\"},\"image\":{\"@id\":\"https:\\\/\\\/tomax.se\\\/#\\\/schema\\\/logo\\\/image\\\/\"},\"sameAs\":[\"https:\\\/\\\/www.facebook.com\\\/tomaxab\",\"https:\\\/\\\/www.instagram.com\\\/tomaxab\\\/\"]}]}<\/script>\n<!-- \/ Yoast SEO plugin. -->","yoast_head_json":{"title":"tomax Samlarbilar - Samlarbilar och Entusiastfordon sedan 1978","description":"Samlarbilar och Entusiastfordon sedan 1978. Tomax Samlarbilar. Ring oss p\u00e5 08 35 19 20 eller mejla p\u00e5 info@tomax.se","robots":{"index":"index","follow":"follow","max-snippet":"max-snippet:-1","max-image-preview":"max-image-preview:large","max-video-preview":"max-video-preview:-1"},"canonical":"https:\/\/tomax.se\/en\/","schema":{"@context":"https:\/\/schema.org","@graph":[{"@type":"WebPage","@id":"https:\/\/tomax.se\/","url":"https:\/\/tomax.se\/","name":"tomax Samlarbilar - Samlarbilar och Entusiastfordon sedan 1978","isPartOf":{"@id":"https:\/\/tomax.se\/#website"},"datePublished":"2018-05-24T11:19:52+00:00","dateModified":"2025-11-05T10:50:13+00:00","description":"Samlarbilar och Entusiastfordon sedan 1978. Tomax Samlarbilar. Ring oss p\u00e5 08 35 19 20 eller mejla p\u00e5 info@tomax.se","breadcrumb":{"@id":"https:\/\/tomax.se\/#breadcrumb"},"inLanguage":"en-GB","potentialAction":[{"@type":"ReadAction","target":["https:\/\/tomax.se\/"]}]},{"@type":"BreadcrumbList","@id":"https:\/\/tomax.se\/#breadcrumb","itemListElement":[{"@type":"ListItem","position":1,"name":"Hem","item":"https:\/\/tomax.se\/"},{"@type":"ListItem","position":2,"name":"HEM"}]},{"@type":"WebSite","@id":"https:\/\/tomax.se\/#website","url":"https:\/\/tomax.se\/","name":"tomax Samlarbilar","description":"Samlarbilar och Entusiastfordon sedan 1978","publisher":{"@id":"https:\/\/tomax.se\/#organization"},"potentialAction":[{"@type":"SearchAction","target":{"@type":"EntryPoint","urlTemplate":"https:\/\/tomax.se\/?s={search_term_string}"},"query-input":{"@type":"PropertyValueSpecification","valueRequired":true,"valueName":"search_term_string"}}],"inLanguage":"en-GB"},{"@type":"Organization","@id":"https:\/\/tomax.se\/#organization","name":"tomax Samlarbilar","url":"https:\/\/tomax.se\/","logo":{"@type":"ImageObject","inLanguage":"en-GB","@id":"https:\/\/tomax.se\/#\/schema\/logo\/image\/","url":"https:\/\/tomax.se\/wp-content\/uploads\/2022\/05\/cropped-Pink-and-Brown-Noah-Photography-4.png","contentUrl":"https:\/\/tomax.se\/wp-content\/uploads\/2022\/05\/cropped-Pink-and-Brown-Noah-Photography-4.png","width":912,"height":905,"caption":"tomax Samlarbilar"},"image":{"@id":"https:\/\/tomax.se\/#\/schema\/logo\/image\/"},"sameAs":["https:\/\/www.facebook.com\/tomaxab","https:\/\/www.instagram.com\/tomaxab\/"]}]}},"_links":{"self":[{"href":"https:\/\/tomax.se\/en\/wp-json\/wp\/v2\/pages\/51","targetHints":{"allow":["GET"]}}],"collection":[{"href":"https:\/\/tomax.se\/en\/wp-json\/wp\/v2\/pages"}],"about":[{"href":"https:\/\/tomax.se\/en\/wp-json\/wp\/v2\/types\/page"}],"author":[{"embeddable":true,"href":"https:\/\/tomax.se\/en\/wp-json\/wp\/v2\/users\/1"}],"replies":[{"embeddable":true,"href":"https:\/\/tomax.se\/en\/wp-json\/wp\/v2\/comments?post=51"}],"version-history":[{"count":870,"href":"https:\/\/tomax.se\/en\/wp-json\/wp\/v2\/pages\/51\/revisions"}],"predecessor-version":[{"id":11885,"href":"https:\/\/tomax.se\/en\/wp-json\/wp\/v2\/pages\/51\/revisions\/11885"}],"wp:attachment":[{"href":"https:\/\/tomax.se\/en\/wp-json\/wp\/v2\/media?parent=51"}],"curies":[{"name":"wp","href":"https:\/\/api.w.org\/{rel}","templated":true}]}}